{"id":1140,"date":"2018-06-10T09:33:02","date_gmt":"2018-06-10T18:33:02","guid":{"rendered":"http:\/\/bjm.schwanzer.info\/?page_id=1140"},"modified":"2018-06-10T09:33:02","modified_gmt":"2018-06-10T18:33:02","slug":"impressum","status":"publish","type":"page","link":"http:\/\/bjm.schwanzer.info\/?page_id=1140","title":{"rendered":"Impressum"},"content":{"rendered":"<h5><span style=\"color: #ff6600;\"><strong>N\u00d6 Landesjagdverband Bezirksstelle Tulln<\/strong><\/span><\/h5>\n<p>BJM DI Alfred Schwanzer<br \/>\nGartenstra\u00dfe 16<br \/>\nA-3442 Langensch\u00f6nbichl<br \/>\nbjm@schwanzer.info<\/p>\n<p>F\u00fcr den Inhalt verantwortlich: BJM DI Alfred Schwanzer<\/p>\n<p>&nbsp;<\/p>\n<p>F\u00fcr die von uns verlinkten Internetadressen und deren Inhalte \u00fcbernehmen wir keine Verantwortung und distanzieren uns hiermit ausdr\u00fccklich von diesen Seiten.<\/p>\n<p>&nbsp;<\/p>\n<p>Alle Texte, Graphiken und Bilder dieser Website sind urheberrechtlich gesch\u00fctzt, eine Verwendung ist nur mit ausdr\u00fccklicher Genehmigung zul\u00e4ssig.<\/p>\n<div id=\"cc-matrix-1389166185\">\n<div id=\"cc-m-6080255685\" class=\"j-module n j-text \">\n<p>Wir gehen davon aus, dass wir Fotos von unseren Veranstaltungen ver\u00f6ffentlichen d\u00fcrfen. Selbstverst\u00e4ndlich m\u00f6chten wir aber auf keinen Fall Pers\u00f6nlichkeitsrechte verletzen!<\/p>\n<p><strong>Sollte jemand mit einer bereits erfolgten Ver\u00f6ffentlichung nicht einverstanden sein, bitte um kurze Mitteilung<\/strong><strong>, damit das entsprechende Foto ggf. gel\u00f6scht werden kann.<\/strong><\/p>\n<\/div>\n<\/div>\n","protected":false},"excerpt":{"rendered":"<p>N\u00d6 Landesjagdverband Bezirksstelle Tulln BJM DI Alfred Schwanzer Gartenstra\u00dfe 16 A-3442 Langensch\u00f6nbichl bjm@schwanzer.info F\u00fcr den Inhalt verantwortlich: BJM DI Alfred Schwanzer &nbsp; F\u00fcr die von uns verlinkten Internetadressen und deren Inhalte \u00fcbernehmen wir keine Verantwortung und distanzieren uns hiermit ausdr\u00fccklich von diesen Seiten. &nbsp; Alle Texte, Graphiken und Bilder dieser Website sind urheberrechtlich gesch\u00fctzt, eine [&hellip;]<\/p>\n","protected":false},"author":2,"featured_media":0,"parent":13,"menu_order":1,"comment_status":"closed","ping_status":"closed","template":"","meta":{"footnotes":""},"class_list":["post-1140","page","type-page","status-publish","hentry"],"_links":{"self":[{"href":"http:\/\/bjm.schwanzer.info\/index.php?rest_route=\/wp\/v2\/pages\/1140","targetHints":{"allow":["GET"]}}],"collection":[{"href":"http:\/\/bjm.schwanzer.info\/index.php?rest_route=\/wp\/v2\/pages"}],"about":[{"href":"http:\/\/bjm.schwanzer.info\/index.php?rest_route=\/wp\/v2\/types\/page"}],"author":[{"embeddable":true,"href":"http:\/\/bjm.schwanzer.info\/index.php?rest_route=\/wp\/v2\/users\/2"}],"replies":[{"embeddable":true,"href":"http:\/\/bjm.schwanzer.info\/index.php?rest_route=%2Fwp%2Fv2%2Fcomments&post=1140"}],"version-history":[{"count":0,"href":"http:\/\/bjm.schwanzer.info\/index.php?rest_route=\/wp\/v2\/pages\/1140\/revisions"}],"up":[{"embeddable":true,"href":"http:\/\/bjm.schwanzer.info\/index.php?rest_route=\/wp\/v2\/pages\/13"}],"wp:attachment":[{"href":"http:\/\/bjm.schwanzer.info\/index.php?rest_route=%2Fwp%2Fv2%2Fmedia&parent=1140"}],"curies":[{"name":"wp","href":"https:\/\/api.w.org\/{rel}","templated":true}]}}