{"id":2106,"date":"2025-01-05T10:02:07","date_gmt":"2025-01-05T10:02:07","guid":{"rendered":"http:\/\/bjm.schwanzer.info\/?page_id=2106"},"modified":"2025-01-05T10:41:37","modified_gmt":"2025-01-05T10:41:37","slug":"archiv-jungjaegerinnen","status":"publish","type":"page","link":"http:\/\/bjm.schwanzer.info\/?page_id=2106","title":{"rendered":"Archiv Jungj\u00e4gerInnen"},"content":{"rendered":"<h3 class=\"wp-block-heading\"><span style=\"color: #339966;\">Jungj\u00e4gerInnen am Bezirksj\u00e4gertag 2024<\/span><\/h3>\r\n<p align=\"center\"><!-- \/wp:post-content -->\r\n\r\n<!-- wp:paragraph --><\/p>\r\n<p style=\"text-align: center;\"><img loading=\"lazy\" decoding=\"async\" class=\"aligncenter\" src=\"http:\/\/bjm.schwanzer.info\/wp-content\/uploads\/2024\/05\/2024_bjt.jpg\" alt=\"\" width=\"640\" height=\"346\" \/>Vorstellung der 33 Jungj\u00e4gerinnen und Jungj\u00e4ger,<br \/>ebenso bestanden 9 J\u00e4ger die Pr\u00fcfung zum Jagdaufseher.<\/p>\r\n<h3>\u00a0<\/h3>\r\n<h3 class=\"wp-block-heading\"><span style=\"color: #339966;\">Vorstellung Jungj\u00e4gerInnen am Bezirksj\u00e4gertag 2023<\/span><\/h3>\r\n<!-- \/wp:paragraph -->\r\n\r\n<!-- wp:image {\"id\":1948,\"sizeSlug\":\"full\",\"linkDestination\":\"none\"} -->\r\n<p class=\"wp-block-image size-full\" style=\"text-align: center;\"><img loading=\"lazy\" decoding=\"async\" class=\"wp-image-1948 aligncenter\" src=\"http:\/\/bjm.schwanzer.info\/wp-content\/uploads\/2023\/06\/Bjt-2023-JJ_640x375.jpg\" alt=\"\" width=\"600\" height=\"352\" srcset=\"http:\/\/bjm.schwanzer.info\/wp-content\/uploads\/2023\/06\/Bjt-2023-JJ_640x375.jpg 640w, http:\/\/bjm.schwanzer.info\/wp-content\/uploads\/2023\/06\/Bjt-2023-JJ_640x375-300x176.jpg 300w\" sizes=\"auto, (max-width: 600px) 100vw, 600px\" \/>Vorstellung der Jungj\u00e4gerInnen<\/p>\r\n<!-- \/wp:image -->\r\n\r\n<!-- wp:html -->\r\n<h3>\u00a0<\/h3>\r\n<h3><span style=\"color: #339966;\">Jungj\u00e4gerInnen beim Bezirksj\u00e4gertag 2022<\/span><\/h3>\r\n<p style=\"text-align: center;\"><img decoding=\"async\" class=\"aligncenter\" src=\"http:\/\/bjm.schwanzer.info\/wp-content\/uploads\/2022\/06\/2022_bjt_jj.jpg\" alt=\"\" \/> Von 51 angetretenen KandidatInnen haben 40 die Pr\u00fcfung bestanden!<\/p>","protected":false},"excerpt":{"rendered":"<p>Jungj\u00e4gerInnen am Bezirksj\u00e4gertag 2024 Vorstellung der 33 Jungj\u00e4gerinnen und Jungj\u00e4ger,ebenso bestanden 9 J\u00e4ger die Pr\u00fcfung zum Jagdaufseher. \u00a0 Vorstellung Jungj\u00e4gerInnen am Bezirksj\u00e4gertag 2023 Vorstellung der Jungj\u00e4gerInnen \u00a0 Jungj\u00e4gerInnen beim Bezirksj\u00e4gertag 2022 Von 51 angetretenen KandidatInnen haben 40 die Pr\u00fcfung bestanden!<\/p>\n","protected":false},"author":2,"featured_media":0,"parent":33,"menu_order":0,"comment_status":"closed","ping_status":"closed","template":"","meta":{"footnotes":""},"class_list":["post-2106","page","type-page","status-publish","hentry"],"_links":{"self":[{"href":"http:\/\/bjm.schwanzer.info\/index.php?rest_route=\/wp\/v2\/pages\/2106","targetHints":{"allow":["GET"]}}],"collection":[{"href":"http:\/\/bjm.schwanzer.info\/index.php?rest_route=\/wp\/v2\/pages"}],"about":[{"href":"http:\/\/bjm.schwanzer.info\/index.php?rest_route=\/wp\/v2\/types\/page"}],"author":[{"embeddable":true,"href":"http:\/\/bjm.schwanzer.info\/index.php?rest_route=\/wp\/v2\/users\/2"}],"replies":[{"embeddable":true,"href":"http:\/\/bjm.schwanzer.info\/index.php?rest_route=%2Fwp%2Fv2%2Fcomments&post=2106"}],"version-history":[{"count":3,"href":"http:\/\/bjm.schwanzer.info\/index.php?rest_route=\/wp\/v2\/pages\/2106\/revisions"}],"predecessor-version":[{"id":2110,"href":"http:\/\/bjm.schwanzer.info\/index.php?rest_route=\/wp\/v2\/pages\/2106\/revisions\/2110"}],"up":[{"embeddable":true,"href":"http:\/\/bjm.schwanzer.info\/index.php?rest_route=\/wp\/v2\/pages\/33"}],"wp:attachment":[{"href":"http:\/\/bjm.schwanzer.info\/index.php?rest_route=%2Fwp%2Fv2%2Fmedia&parent=2106"}],"curies":[{"name":"wp","href":"https:\/\/api.w.org\/{rel}","templated":true}]}}