{"id":33,"date":"2010-11-29T19:24:26","date_gmt":"2010-11-29T17:24:26","guid":{"rendered":"http:\/\/www.bjm.schwanzer.info\/?page_id=33"},"modified":"2026-01-23T14:06:34","modified_gmt":"2026-01-23T14:06:34","slug":"jungjager-aufsichtjagerkurs","status":"publish","type":"page","link":"http:\/\/bjm.schwanzer.info\/?page_id=33","title":{"rendered":"Jungj\u00e4ger- &#038; Jagdaufseherkurs"},"content":{"rendered":"\r\n<p style=\"text-align: left;\"><span style=\"color: #339966;\"><strong><span style=\"font-size: 14pt;\">Jungj\u00e4ger- und Jagdaufseherkurs 2026<\/span><\/strong><\/span><\/p>\r\n<h3 class=\"wp-block-heading\">\r\n\r\n<\/h3>\r\n<p><strong>Seit 22. J\u00e4nner 2026 findet der aktuelle Kurs statt!<\/strong><\/p>\r\n<h3>\r\n\r\n<\/h3>\r\n<h3>\r\n\r\n<\/h3>\r\n<p><strong>Kurstage:<\/strong> Dienstag und Donnerstag, jeweils 18.30 bis 21.30 Uhr (Aufseher auch Mittwoch)<br \/>Etwaige Termin\u00e4nderungen werden im Kurs bekanntgegeben.<\/p>\r\n<h3>\r\n\r\n<\/h3>\r\n<p><span style=\"color: #ff0000;\"><strong>Kursort: NEU!!<\/strong> Gasthaus Zum Gr\u00fcnen Baum, 3451 Atzelsdorf, Hauptstra\u00dfe 62\u00a0 <strong>NEU!!<\/strong><\/span><\/p>\r\n<h3>\r\n\r\n<\/h3>\r\n<h3>\r\n\r\n<\/h3>\r\n<p><em>Es werden u. a. die Themengebiete Wildkunde, Waffenkunde und Jagdrecht in mehreren Theorieeinheiten vorgetragen, sowie eine fachkundige praktische Ausbildung im sicheren Umgang mit der Waffe und dem Erlernen der Schie\u00dffertigkeit angeboten.<\/em> <em>Weiters sind praktische Lehrg\u00e4nge in Revieren des Tullnerfeldes geplant sowie ein Besuch des Jagdhundekurses.<\/em><\/p>\r\n<h3>\r\n\r\n<\/h3>\r\n<p class=\"wp-block-heading\"><a href=\"http:\/\/bjm.schwanzer.info\/wp-content\/uploads\/2026\/01\/2026_JJAnmeldung_NEU.xls\" target=\"_blank\" rel=\"noreferrer noopener\">zum Anmeldeformular<\/a><\/p>\r\n<h3 class=\"wp-block-heading\">\r\n\r\n<\/h3>\r\n<h5><a href=\"http:\/\/bjm.schwanzer.info\/wp-content\/uploads\/2026\/01\/Kursprogramm2026.pdf\" target=\"_blank\" rel=\"noopener\">Kursprogramm &#8211; Termine<\/a><\/h5>\r\n<h3>\r\n\r\n<\/h3>\r\n<h3><\/h3>\r\n<p>&nbsp;<\/p>\r\n<!-- \/wp:post-content -->\r\n\r\n<!-- wp:paragraph \/-->\r\n\r\n<!-- wp:image {\"id\":1948,\"sizeSlug\":\"full\",\"linkDestination\":\"none\"} \/-->\r\n\r\n<!-- wp:html \/-->\r\n<p><!-- \/wp:paragraph --><\/p>\r\n<p><!-- wp:paragraph --><\/p>\r\n<h3>Formulare:<\/h3>\r\n<p><strong><a href=\"https:\/\/www.noejagdverband.at\/service\/\" target=\"_blank\" rel=\"noopener\">Formulare des N\u00d6 Jagdverbandes<\/a><br \/><\/strong><\/p>\r\n<p>Jungj\u00e4ger &#8211; <a href=\"https:\/\/www.noejagdverband.at\/wp-content\/uploads\/Antrag-Jagdpruefung.pdf\" target=\"_blank\" rel=\"noopener\">Antrag Jagdpr\u00fcfung<\/a><\/p>\r\n<p>Jagdaufseher &#8211; <a href=\"http:\/\/bjm.schwanzer.info\/wp-content\/uploads\/2026\/01\/BescheinigungHP_tulln.pdf\" target=\"_blank\" rel=\"noopener\">Praxisbescheinigung f\u00fcr die Jagdaufseherpr\u00fcfung<\/a><\/p>\r\n<p>Jagdaufseher &#8211; <a href=\"https:\/\/www.noejagdverband.at\/wp-content\/uploads\/Antrag-Jagdaufseherpruefung-LR-.pdf\" target=\"_blank\" rel=\"noopener\">Antrag zur N\u00d6 Jagdaufseherpr\u00fcfung<\/a><\/p>\r\n<p><!-- wp:tadv\/classic-paragraph \/--><\/p>","protected":false},"excerpt":{"rendered":"<p>Jungj\u00e4ger- und Jagdaufseherkurs 2026 Seit 22. J\u00e4nner 2026 findet der aktuelle Kurs statt! Kurstage: Dienstag und Donnerstag, jeweils 18.30 bis 21.30 Uhr (Aufseher auch Mittwoch)Etwaige Termin\u00e4nderungen werden im Kurs bekanntgegeben. Kursort: NEU!! Gasthaus Zum Gr\u00fcnen Baum, 3451 Atzelsdorf, Hauptstra\u00dfe 62\u00a0 NEU!! Es werden u. a. die Themengebiete Wildkunde, Waffenkunde und Jagdrecht in mehreren Theorieeinheiten vorgetragen, [&hellip;]<\/p>\n","protected":false},"author":3,"featured_media":0,"parent":0,"menu_order":1,"comment_status":"closed","ping_status":"closed","template":"","meta":{"footnotes":""},"class_list":["post-33","page","type-page","status-publish","hentry"],"_links":{"self":[{"href":"http:\/\/bjm.schwanzer.info\/index.php?rest_route=\/wp\/v2\/pages\/33","targetHints":{"allow":["GET"]}}],"collection":[{"href":"http:\/\/bjm.schwanzer.info\/index.php?rest_route=\/wp\/v2\/pages"}],"about":[{"href":"http:\/\/bjm.schwanzer.info\/index.php?rest_route=\/wp\/v2\/types\/page"}],"author":[{"embeddable":true,"href":"http:\/\/bjm.schwanzer.info\/index.php?rest_route=\/wp\/v2\/users\/3"}],"replies":[{"embeddable":true,"href":"http:\/\/bjm.schwanzer.info\/index.php?rest_route=%2Fwp%2Fv2%2Fcomments&post=33"}],"version-history":[{"count":51,"href":"http:\/\/bjm.schwanzer.info\/index.php?rest_route=\/wp\/v2\/pages\/33\/revisions"}],"predecessor-version":[{"id":2226,"href":"http:\/\/bjm.schwanzer.info\/index.php?rest_route=\/wp\/v2\/pages\/33\/revisions\/2226"}],"wp:attachment":[{"href":"http:\/\/bjm.schwanzer.info\/index.php?rest_route=%2Fwp%2Fv2%2Fmedia&parent=33"}],"curies":[{"name":"wp","href":"https:\/\/api.w.org\/{rel}","templated":true}]}}