{"id":62,"date":"2010-12-07T09:44:06","date_gmt":"2010-12-07T07:44:06","guid":{"rendered":"http:\/\/www.bjm.schwanzer.info\/?page_id=62"},"modified":"2025-12-16T13:40:10","modified_gmt":"2025-12-16T13:40:10","slug":"veranstaltungen-termine","status":"publish","type":"page","link":"http:\/\/bjm.schwanzer.info\/?page_id=62","title":{"rendered":"Termine"},"content":{"rendered":"<h3><span style=\"color: #000000;\"><span style=\"color: #339966;\">Jagdliche Veranstaltungen und Termine 2026<\/span><\/span><\/h3>\n<p>&nbsp;<\/p>\n\n<table id=\"tablepress-3\" class=\"tablepress tablepress-id-3\">\n<thead>\n<tr class=\"row-1\">\n\t<th class=\"column-1\">Datum<\/th><th class=\"column-2\">Uhrzeit <\/th><th class=\"column-3\">Text<\/th>\n<\/tr>\n<\/thead>\n<tbody class=\"row-striping row-hover\">\n<tr class=\"row-2\">\n\t<td class=\"column-1\">3. J\u00e4nner 2026<\/td><td class=\"column-2\"><\/td><td class=\"column-3\">Vollmond<\/td>\n<\/tr>\n<tr class=\"row-3\">\n\t<td class=\"column-1\">7. J\u00e4nner 2026<\/td><td class=\"column-2\">18.00-19.00 Uhr<\/td><td class=\"column-3\">Anmeldung Jagdkurs<br \/>\nGh. Zum gr\u00fcnen Baum<br \/>\n3451 Atzelsdorf<\/td>\n<\/tr>\n<tr class=\"row-4\">\n\t<td class=\"column-1\">22. J\u00e4nner 2026<\/td><td class=\"column-2\">18.30 Uhr<\/td><td class=\"column-3\">Beginn Jagdkurs,<br \/>\nGh. Zum gr\u00fcnen Baum,<br \/>\n3451 Atzelsdorf<\/td>\n<\/tr>\n<tr class=\"row-5\">\n\t<td class=\"column-1\">2. Februar 2026<\/td><td class=\"column-2\"><\/td><td class=\"column-3\">Vollmond<\/td>\n<\/tr>\n<tr class=\"row-6\">\n\t<td class=\"column-1\">28. Februar 2026<\/td><td class=\"column-2\">12.00-13.00 Uhr - Troph\u00e4enabgabe<br \/>\nab 14.00 Uhr - Bewertungskommission<br \/>\n16.00-18.00 Uhr - <b>\u00d6ffentliche Hegeschau<\/b><br \/>\n18.00 Uhr - Besprechung,<br \/>\nanschlie\u00dfend Troph\u00e4enr\u00fcckgabe<\/td><td class=\"column-3\"><b>HR 5 - Sieghartskirchen<\/b><br \/>\nGasthaus zur Kirchenwirtin, Ollern<\/td>\n<\/tr>\n<tr class=\"row-7\">\n\t<td class=\"column-1\">3. M\u00e4rz 2026<\/td><td class=\"column-2\"><\/td><td class=\"column-3\">Vollmond<\/td>\n<\/tr>\n<tr class=\"row-8\">\n\t<td class=\"column-1\">7. M\u00e4rz 2026<\/td><td class=\"column-2\">9.00-11.00 Uhr - Troph\u00e4enabgabe<br \/>\nab 13.00 Uhr - Bewertungskommission<br \/>\n16.00-18.00 Uhr - <b>\u00d6ffentliche Hegeschau<\/b><br \/>\n18.00 Uhr - Besprechung<\/td><td class=\"column-3\"><b>HR 4 - Hagental<\/b><br \/>\nGasthaus Berger, Muckendorf<\/td>\n<\/tr>\n<tr class=\"row-9\">\n\t<td class=\"column-1\">7. M\u00e4rz 2026<\/td><td class=\"column-2\">12.00-14.00 Uhr - Troph\u00e4enabgabe<br \/>\nab 14.00 Uhr - Bewertungskommission<br \/>\n18.30 Uhr - Besprechung<br \/>\n20.00-22.00 Uhr - <b>\u00d6ffentliche Hegeschau<\/b><br \/>\nanschlie\u00dfend Troph\u00e4enr\u00fcckgabe<\/td><td class=\"column-3\"><b>HR 8- Schmidatal<br \/>\nHR 10 - Hohenberg<br \/>\nHR 11 - Wagram<br \/>\nHR 12 - Waasen<\/b><br \/>\nMehrzweckhalle, Fels am Wagram, Schulplatz 1<\/td>\n<\/tr>\n<tr class=\"row-10\">\n\t<td class=\"column-1\">14. M\u00e4rz 2026<\/td><td class=\"column-2\">8.00-10.00 Uhr - Troph\u00e4enabgabe<br \/>\nab 10.00 Uhr - Bewertungskommission<br \/>\n13.00-15.00 Uhr - <b>\u00d6ffentliche Hegeschau<\/b><br \/>\n15.00 Uhr - Besprechung<\/td><td class=\"column-3\"><b>HR 2 - Perschling<br \/>\nHR 3 - Reidlinger Wald<br \/>\nHR 6 - Sika<\/b><br \/>\nGasthaus Doppler, Sitzenberg<\/td>\n<\/tr>\n<tr class=\"row-11\">\n\t<td class=\"column-1\">27. M\u00e4rz 2026<\/td><td class=\"column-2\">13.00-15.00 Uhr - Troph\u00e4enabgabe<br \/>\nab 15.00 Uhr - Bewertungskommission<br \/>\n18.00 Uhr - Besprechung<\/td><td class=\"column-3\"><b>HR 1 - Tullnerfeld<br \/>\nHR 7 - Donauauen<\/b><br \/>\nGasthaus Bruckner, Baumgarten<\/td>\n<\/tr>\n<tr class=\"row-12\">\n\t<td class=\"column-1\">28. M\u00e4rz 2026<\/td><td class=\"column-2\">9.00-11.00 Uhr<br \/>\n<b>\u00d6ffentliche Hegeschau<\/b><br \/>\nanschlie\u00dfend Troph\u00e4enr\u00fcckgabe<\/td><td class=\"column-3\"><b>HR 1 - Tullnerfeld<br \/>\nHR 7 - Donauauen<\/b><br \/>\nGasthaus Bruckner, Baumgarten<\/td>\n<\/tr>\n<tr class=\"row-13\">\n\t<td class=\"column-1\">28. M\u00e4rz 2026<\/td><td class=\"column-2\">9.00-10.00 Uhr - Troph\u00e4enabgabe<br \/>\n10.00-12.00 Uhr - Bewertungskommission<br \/>\n12.00-13.00 Uhr - <b>\u00d6ffentliche Hegeschau<\/b><br \/>\n13.00 Uhr - Besprechung,<br \/>\nanschlie\u00dfend Troph\u00e4enr\u00fcckgabe<\/td><td class=\"column-3\"><b>HR 9 - Klosterneuburg-Kierling<\/b><br \/>\nWindischh\u00fctte 30, <br \/>\n3400 Klosterneuburg<\/td>\n<\/tr>\n<tr class=\"row-14\">\n\t<td class=\"column-1\">2. April 2026<\/td><td class=\"column-2\"><\/td><td class=\"column-3\">Vollmond<\/td>\n<\/tr>\n<tr class=\"row-15\">\n\t<td class=\"column-1\">1. Mai 2026<\/td><td class=\"column-2\"><\/td><td class=\"column-3\">Vollmond<\/td>\n<\/tr>\n<tr class=\"row-16\">\n\t<td class=\"column-1\">2. Mai 2026<\/td><td class=\"column-2\">Jagdliches Schie\u00dfen (GK+Jagdparcours) <\/td><td class=\"column-3\"><b>Bezirksmeisterschaft<\/b><br \/>\nSSV Wagram\/Wagram<\/td>\n<\/tr>\n<tr class=\"row-17\">\n\t<td class=\"column-1\">23. Mai 2026<\/td><td class=\"column-2\">12.00-13.00 Uhr - Abgabe der Troph\u00e4en<br \/>\nab 14 Uhr - <b>Bezirkshegeschau beim Bezirksj\u00e4gertag<\/b><br \/>\n16 Uhr - <b>Beginn Bezirksj\u00e4gertag<\/b><br \/>\n30 min nach Ende des Bezirksj\u00e4gertages Troph\u00e4enr\u00fcckgabe<\/td><td class=\"column-3\"><b>Bezirksj\u00e4gertag<\/b><br \/>\nTulln<\/td>\n<\/tr>\n<tr class=\"row-18\">\n\t<td class=\"column-1\">30. Mai 2026<\/td><td class=\"column-2\"><\/td><td class=\"column-3\">55. N\u00d6 Jagdhornbl\u00e4ser Wettbewerb<br \/>\nR\u00f6hrenbach\/Bez. Tulln<\/td>\n<\/tr>\n<tr class=\"row-19\">\n\t<td class=\"column-1\">31. Mai 2026<\/td><td class=\"column-2\"><\/td><td class=\"column-3\">Vollmond<\/td>\n<\/tr>\n<tr class=\"row-20\">\n\t<td class=\"column-1\">30. Juni 2026<\/td><td class=\"column-2\"><\/td><td class=\"column-3\">Vollmond<\/td>\n<\/tr>\n<tr class=\"row-21\">\n\t<td class=\"column-1\">29. Juli 2026<\/td><td class=\"column-2\"><\/td><td class=\"column-3\">Vollmond<\/td>\n<\/tr>\n<tr class=\"row-22\">\n\t<td class=\"column-1\">28. August 2026<\/td><td class=\"column-2\"><\/td><td class=\"column-3\">Vollmond<\/td>\n<\/tr>\n<tr class=\"row-23\">\n\t<td class=\"column-1\">26. September 2026<\/td><td class=\"column-2\"><\/td><td class=\"column-3\">Vollmond<\/td>\n<\/tr>\n<tr class=\"row-24\">\n\t<td class=\"column-1\">26. Oktober 2026<\/td><td class=\"column-2\"><\/td><td class=\"column-3\">Vollmond<\/td>\n<\/tr>\n<tr class=\"row-25\">\n\t<td class=\"column-1\">24. November 2026<\/td><td class=\"column-2\"><\/td><td class=\"column-3\">Vollmond<\/td>\n<\/tr>\n<tr class=\"row-26\">\n\t<td class=\"column-1\">24. Dezember 2026<\/td><td class=\"column-2\"><\/td><td class=\"column-3\">Vollmond<\/td>\n<\/tr>\n<tr class=\"row-27\">\n\t<td class=\"column-1\"><\/td><td class=\"column-2\"><\/td><td class=\"column-3\"><\/td>\n<\/tr>\n<\/tbody>\n<\/table>\n<!-- #tablepress-3 from cache -->\n","protected":false},"excerpt":{"rendered":"<p>Jagdliche Veranstaltungen und Termine 2026 &nbsp;<\/p>\n","protected":false},"author":3,"featured_media":0,"parent":0,"menu_order":0,"comment_status":"closed","ping_status":"closed","template":"","meta":{"footnotes":""},"class_list":["post-62","page","type-page","status-publish","hentry"],"_links":{"self":[{"href":"http:\/\/bjm.schwanzer.info\/index.php?rest_route=\/wp\/v2\/pages\/62","targetHints":{"allow":["GET"]}}],"collection":[{"href":"http:\/\/bjm.schwanzer.info\/index.php?rest_route=\/wp\/v2\/pages"}],"about":[{"href":"http:\/\/bjm.schwanzer.info\/index.php?rest_route=\/wp\/v2\/types\/page"}],"author":[{"embeddable":true,"href":"http:\/\/bjm.schwanzer.info\/index.php?rest_route=\/wp\/v2\/users\/3"}],"replies":[{"embeddable":true,"href":"http:\/\/bjm.schwanzer.info\/index.php?rest_route=%2Fwp%2Fv2%2Fcomments&post=62"}],"version-history":[{"count":5,"href":"http:\/\/bjm.schwanzer.info\/index.php?rest_route=\/wp\/v2\/pages\/62\/revisions"}],"predecessor-version":[{"id":2211,"href":"http:\/\/bjm.schwanzer.info\/index.php?rest_route=\/wp\/v2\/pages\/62\/revisions\/2211"}],"wp:attachment":[{"href":"http:\/\/bjm.schwanzer.info\/index.php?rest_route=%2Fwp%2Fv2%2Fmedia&parent=62"}],"curies":[{"name":"wp","href":"https:\/\/api.w.org\/{rel}","templated":true}]}}