{"id":70,"date":"2010-12-07T20:43:27","date_gmt":"2010-12-07T18:43:27","guid":{"rendered":"http:\/\/www.bjm.schwanzer.info\/?page_id=70"},"modified":"2025-12-02T13:47:29","modified_gmt":"2025-12-02T13:47:29","slug":"intern-2","status":"publish","type":"page","link":"http:\/\/bjm.schwanzer.info\/?page_id=70","title":{"rendered":"Hegering Info"},"content":{"rendered":"<p><span style=\"text-decoration: underline;\"><strong>mit aktuellen\u00a0Informationen der jeweiligen Hegeringleiter<\/strong><\/span><\/p>\n<h4><span style=\"color: #ff6600;\"><span style=\"text-decoration: underline;\">Hegering 1 &#8211; Tullner Feld (5.816ha):<\/span>\u00a0<\/span><\/h4>\n<p style=\"padding-left: 30px; text-align: left;\"><span style=\"color: #000000;\"><strong>HRL Josef Leckel, 3430 Tulln<span style=\"font-size: 12pt;\"> \u00a0 \u00a0 \u00a0 \u00a0 \u00a0 \u00a0 <\/span><span style=\"text-decoration: underline;\"><span style=\"font-size: 1.17em;\"><span style=\"color: #800080; text-decoration: underline; font-size: 12pt;\"><a href=\"https:\/\/www.dropbox.com\/sh\/hse4vwc3soktwm2\/AACp394nDDusrIg6JUjlOyGxa\/HR1-HP\" target=\"_blank\" rel=\"noopener\"><span style=\"text-decoration: underline; color: #800080;\">HR 1 aktuell<\/span><\/a><\/span><br \/>\n<\/span><\/span><\/strong><\/span><\/p>\n<p>\u00a0\u00a0\u00a0\u00a0\u00a0\u00a0\u00a0 <a href=\"mailto:josef.leckel@gmx.at\">josef.leckel@gmx.at<\/a><\/p>\n<p style=\"padding-left: 30px;\"><span style=\"color: #000000;\">HRL-Stv. Martin Starkl<br \/>\n<\/span><\/p>\n<p style=\"padding-left: 30px;\"><span style=\"color: #808000;\"><span style=\"text-decoration: underline;\">Reviere:<\/span>\u00a0<\/span><\/p>\n<p style=\"padding-left: 30px;\"><span style=\"color: #808000;\">GJ Asparn \u2013485 ha; GJ Langenrohr \u2013706 ha; GJ Judenau \u2013482 ha; GJ Baumgarten \u2013424 ha; GJ Freundorf \u2013404 ha; GJ Staasdorf \u2013573 ha; GJ Nitzing \u2013371 ha; GJ Tulln \u20131713 ha; EJ Fliegerhorst \u2013248 ha; EJ Kronau \u2013285 ha; EJ Auberg\u00a0\u2013125 ha\u00a0\u00a0<\/span><\/p>\n<h4><span style=\"color: #800080;\"><span style=\"text-decoration: underline; color: #ff6600;\">Hegering 2 &#8211; Perschling (5.594 ha):<\/span>\u00a0<\/span><\/h4>\n<p style=\"padding-left: 30px;\"><span style=\"color: #000000;\"><strong>HRL Franz Winter, 3451 Rust <span style=\"font-size: 12pt;\"><strong>\u00a0 \u00a0 \u00a0 \u00a0 \u00a0 \u00a0 \u00a0 \u00a0 \u00a0 <\/strong><span style=\"text-decoration: underline;\"><span style=\"color: #800080; text-decoration: underline;\"><a href=\"https:\/\/www.dropbox.com\/sh\/tdzw2k0u9715imo\/AACcui26hzzJOH5BSHFRaPK7a\" target=\"_blank\" rel=\"noopener\"><span style=\"color: #800080; text-decoration: underline;\">HR 2 aktuell<\/span><\/a><\/span><\/span><\/span><\/strong><\/span><\/p>\n<p style=\"padding-left: 30px;\"><a href=\"mailto:winter@brandtner-tulln.at\">winter@brandtner-tulln.at<\/a><\/p>\n<p style=\"padding-left: 30px;\"><span style=\"color: #000000;\">HRL-Stv. Lisa-Marie Baumgartner<br \/>\n<\/span><\/p>\n<p style=\"padding-left: 30px;\"><span style=\"text-decoration: underline;\"><span style=\"color: #808000; text-decoration: underline;\">Reviere:<\/span><\/span><br \/>\n<span style=\"color: #808000;\">GJ Langensch\u00f6nbichl \u2013418 ha; GJ Neusiedl \u2013173 ha; GJ Rust\/T \u2013834 ha; GJ Atzenbrugg I \u2013652 ha; GJ Michelndorf \u2013524 ha;.GJ Spital \u2013421 ha; GJ Michel<\/span><span style=\"color: #808000;\">hausen \u2013517 ha; GJ Pixendorf \u2013882 ha; EJ Ls. Gutsverwaltung \u2013203 ha; EJ EVN-<\/span><span style=\"color: #808000;\"> Verbund\u00a0126 ha; EJ Donau-Chemie Feld \u2013120 ha; EJ Donau-Chemie Au \u2013155 ha; GJ Zwentendorf II \u2013568 ha<\/span><\/p>\n<p style=\"padding-left: 60px;\"><span style=\"color: #000000;\">\u00a0 \u00a0 \u00a0<\/span><\/p>\n<h4><span style=\"color: #ff6600;\"><span style=\"text-decoration: underline;\">Hegering 3 &#8211; Reidlinger Wald (6.052 ha):<\/span>\u00a0<\/span><\/h4>\n<p style=\"padding-left: 30px;\"><span style=\"color: #000000;\"><strong><span style=\"font-size: 12pt;\">HRL Arno Kraftl, 3454 Sitzenberg-Reidling<strong> \u00a0 \u00a0 \u00a0\u00a0\u00a0 <\/strong><\/span><span style=\"text-decoration: underline;\"><span style=\"font-size: 1.17em;\"><span style=\"color: #800080; text-decoration: underline; font-size: 12pt;\"><a href=\"https:\/\/www.dropbox.com\/sh\/j0wwe4udxcyix32\/AABVUbpcVFFJhMlq3a7lkm_1a\" target=\"_blank\" rel=\"noopener\"><span style=\"color: #800080; text-decoration: underline;\">HR 3 aktuell<\/span><\/a><\/span><br \/>\n<\/span><\/span><\/strong><\/span><\/p>\n<p>\u00a0\u00a0\u00a0\u00a0\u00a0\u00a0\u00a0 <a href=\"mailto:arno@kraftl.cc\">arno@kraftl.cc<\/a><\/p>\n<p style=\"padding-left: 30px;\"><span style=\"color: #000000;\">HRL-Stv. Martin Ebersperger<\/span><\/p>\n<p style=\"padding-left: 30px;\"><span style=\"text-decoration: underline;\"><span style=\"color: #808000; text-decoration: underline;\">Reviere:<\/span><\/span><br \/>\n<span style=\"color: #808000;\">GJ Sitzenberg \u2013655 ha; GJ Reidling \u2013350 ha; GJ Eggendorf \u2013239 ha; GJ Hasendorf \u2013475 ha; GJ Baumgarten\/Rdlg. \u2013413 ha; GJ Trasdorf \u20131352 ha; GJ Wuermla\u20131432 ha; GJ Waltendorf \u2013426 ha; EJ Grub \u2013208 ha; GJ Atzenbrugg II \u2013501 ha<\/span><\/p>\n<p style=\"padding-left: 60px;\"><span style=\"color: #000000;\">\u00a0<\/span><\/p>\n<h4><span style=\"color: #ff6600;\"><span style=\"text-decoration: underline;\">Hegering 4 &#8211; Hagental (7.638 ha):<\/span>\u00a0<\/span><\/h4>\n<p style=\"padding-left: 30px;\"><span style=\"color: #000000;\"><strong><span style=\"font-size: 12pt;\">HRL Helmut Schmid, 3400 Klosterneuburg<strong>\u00a0\u00a0 \u00a0 \u00a0 <\/strong><\/span><span style=\"text-decoration: underline;\"><span style=\"font-size: 1.17em;\"><span style=\"color: #800080; text-decoration: underline; font-size: 12pt;\"><a href=\"https:\/\/www.dropbox.com\/sh\/f0xvg393a7fugec\/AAD20lpAxF3qtLEFzYzOGo7da\" target=\"_blank\" rel=\"noopener\"><span style=\"color: #800080; text-decoration: underline;\">HR 4 aktuell<\/span><\/a><\/span><br \/>\n<\/span><\/span><\/strong><\/span><\/p>\n<p style=\"padding-left: 30px;\"><a href=\"mailto:agenturschmid@aon.at\">agenturschmid@aon.at<\/a><\/p>\n<p style=\"padding-left: 30px;\"><span style=\"color: #000000;\">HRL-Stv. Herbert Ruprechtshofer<\/span><\/p>\n<p style=\"padding-left: 30px;\"><span style=\"text-decoration: underline;\"><span style=\"color: #808000; text-decoration: underline;\">Reviere:<\/span><\/span><br \/>\n<span style=\"color: #808000;\">GJ Wipfing \u2013217 ha; GJ Muckendorf \u2013416 ha; GJ Zeiselmauer-683 ha; GJ St. Andrae \u2013454 ha; GJ Woerdern \u2013542 ha; GJ Altenberg \u2013267 ha; GJ Greifenstein \u2013244 ha; GJ Hadersfeld \u2013124 ha; GJ Wolfpassing \u2013334 ha; GJ Koenigstetten \u20131.175 ha; EJ Auhof \u2013230 ha; EJ Dokw-Greifenstein \u2013312 ha; EJ Hadersfeld \u2013 481 ha; EJ Hainbuch-Kirchbach \u2013204 ha; GJ Hintersdorf \u2013453 ha; GJ Kirchbach \u2013439 ha; GJ Langenlebarn \u20131.064 ha<\/span><\/p>\n<h4><span style=\"color: #ff6600;\"><span style=\"text-decoration: underline;\">Hegering 5 &#8211; Sieghartskirchen (8.000 ha):<\/span>\u00a0<\/span><\/h4>\n<p style=\"padding-left: 30px;\"><span style=\"color: #000000;\"><strong><span style=\"font-size: 12pt;\">HRL Franz Sappert, 3441 Abstetten<strong>\u00a0 \u00a0 \u00a0 \u00a0 \u00a0 \u00a0 \u00a0 \u00a0 \u00a0 <\/strong><\/span><span style=\"text-decoration: underline;\"><span style=\"font-size: 1.17em;\"><span style=\"color: #800080; text-decoration: underline; font-size: 12pt;\"><a href=\"https:\/\/www.dropbox.com\/sh\/nigxr6q4fod84uq\/AACJ8HbumXFN7u3qUtRY0iZaa?dl=0\" target=\"_blank\" rel=\"noopener\"><span style=\"color: #800080; text-decoration: underline;\">HR 5 aktuell<\/span><\/a><\/span><br \/>\n<\/span><\/span><\/strong><\/span><\/p>\n<div style=\"padding-left: 30px;\"><a href=\"mailto:franz.sappert@gmx.at\">franz.sappert@gmx.at<\/a><\/div>\n<p style=\"padding-left: 30px;\"><span style=\"color: #000000;\">HRL-Stv. Martin Ranegger<\/span><\/p>\n<p style=\"padding-left: 30px;\"><span style=\"text-decoration: underline;\"><span style=\"color: #808000; text-decoration: underline;\">Reviere:<\/span><\/span><br \/>\n<span style=\"color: #808000;\">GJ Plankenberg \u2013450 ha; GJ Abstetten \u2013715 ha; GJ Roehrenbach \u2013457 ha; GJ Kogl \u2013340 ha; GJ Rappoltenkirchen \u2013884ha; GJ Sieghartskirchen \u2013659 ha; GJ Geresdorf \u2013151 ha; GJ Elsbach \u2013368 ha; GJ Ried \u2013298 ha; GJ Ollern \u2013987 ha; GJ Chorherrn \u2013347 ha; GJ Katzelsdorf \u2013480 ha; GJ Tulbing \u2013572 ha; GJ Henzing \u2013224 ha; EJ Dietersdorf \u2013199 ha; EJ Frauenberg \u2013179 ha; EJ Haaberg \u2013139 ha; EJ Martinsberg \u2013135 ha; EJ Herrenberg \u2013125 ha; EJ Tulbingerkogel OEBF AG \u2013170 ha; EJ Hohe Warte \u2013121 ha<\/span><\/p>\n<p style=\"padding-left: 60px;\"><span style=\"color: #000000;\"> \u00a0 \u00a0 \u00a0<\/span><\/p>\n<h4><span style=\"color: #ff6600;\"><span style=\"text-decoration: underline;\">Hegering 6 &#8211; Sika (3.947 ha):<\/span>\u00a0<\/span><\/h4>\n<p style=\"padding-left: 30px;\"><span style=\"color: #000000;\"><strong><span style=\"font-size: 12pt;\">HRL Roland Zeilhofer, 3435 Zwentendorf<strong> \u00a0 \u00a0 \u00a0 \u00a0 \u00a0 <\/strong><\/span><span style=\"text-decoration: underline;\"><span style=\"font-size: 1.17em;\"><span style=\"color: #800080; text-decoration: underline; font-size: 12pt;\"><a href=\"https:\/\/www.dropbox.com\/sh\/0jstfxgpl8ahjgb\/AADkEZynzidNzlywG9ocweBJa\" target=\"_blank\" rel=\"noopener\"><span style=\"color: #800080; text-decoration: underline;\">HR 6 aktuell<\/span><\/a><\/span><br \/>\n<\/span><\/span><\/strong><\/span><\/p>\n<p style=\"padding-left: 30px;\"><a href=\"mailto:roland.zeilhofer@gmail.com\">roland.zeilhofer@gmail.com<\/a><\/p>\n<p style=\"padding-left: 30px;\"><span style=\"color: #000000;\">HRL-Stv. Franz Emberger<br \/>\n<\/span><\/p>\n<p style=\"padding-left: 30px;\"><span style=\"text-decoration: underline;\"><span style=\"color: #808000; text-decoration: underline;\">Reviere:<\/span><\/span><br \/>\n<span style=\"color: #808000;\">GJ Maria Ponsee \u20131.079 ha; GJ Zwentendorf III \u2013253 ha; GJ Zwentendorf I\u2013861ha; EJ Grossergrund \u2013500 ha; EJ Dokw-Altenwoerth \u2013345 ha; EJ B\u00e4rndorfer Au \u2013304 ha; EJ Preuwitz \u2013605 ha<\/span><\/p>\n<h4><span style=\"color: #ff6600;\"><span style=\"text-decoration: underline;\">Hegering 7 &#8211; Donauauen (4.315 ha):<\/span>\u00a0<\/span><\/h4>\n<p style=\"padding-left: 30px;\"><span style=\"color: #000000;\"><strong><span style=\"font-size: 12pt;\">HRL Paul Schaufler, 3441 Judenau<strong>\u00a0 \u00a0 \u00a0 \u00a0 \u00a0 \u00a0 \u00a0 \u00a0 \u00a0 \u00a0 <\/strong><\/span><span style=\"text-decoration: underline;\"><span style=\"font-size: 1.17em;\"><span style=\"color: #800080; text-decoration: underline; font-size: 12pt;\"><a href=\"https:\/\/www.dropbox.com\/sh\/mzy4ycmbundziqh\/AABI_G1L0OeVUlFe9Sz_HNzea\" target=\"_blank\" rel=\"noopener\"><span style=\"color: #800080; text-decoration: underline;\">HR 7 aktuell<\/span><\/a><\/span><br \/>\n<\/span><\/span><\/strong><\/span><\/p>\n<p style=\"padding-left: 30px;\"><a href=\"mailto:schaufler@auritas.at\">schaufler@auritas.at<\/a><\/p>\n<p style=\"padding-left: 30px;\"><span style=\"color: #000000;\">HRL-Stv. Richard Blochberger<br \/>\n<\/span><\/p>\n<p style=\"padding-left: 30px;\"><span style=\"text-decoration: underline;\"><span style=\"color: #808000; text-decoration: underline;\">Reviere:<\/span><\/span><br \/>\n<span style=\"color: #808000;\">EJ Seebarn \u2013371 ha; EJ Seebarn II \u2013206 ha; EJ Seebarn III \u2013347 ha; EJ Altenwoerth<\/span><br \/>\n<span style=\"color: #808000;\">U. Au \u2013350 ha; EJ Eleonorenhain \u2013173 ha; EJ Utzenlaa Obere Au \u2013357 ha; EJ Utzenlaa Untere Au \u2013278 ha;\u00a0EJ Michaeli \u2013123 ha; EJ Neuhof \u2013575 ha; EJ Neuaigen \u2013760 ha; EJ Neuaigen Placken \u2013181 ha; EJ Tulln \u2013592 ha; EJ B\u00fcrgerspitalsfonds-Stiftung\u00a0Tulln Gehege \u2013125 ha<\/span><\/p>\n<p style=\"padding-left: 60px;\"><span style=\"color: #000000;\"> \u00a0 \u00a0\u00a0<\/span><\/p>\n<h4><span style=\"color: #ff6600;\"><span style=\"text-decoration: underline;\">Hegering 8 &#8211; Schmidatal (5.776 ha):<\/span>\u00a0<\/span><\/h4>\n<p style=\"padding-left: 30px;\"><span style=\"color: #000000; font-size: 12pt;\"><strong>HRL <strong>Friedrich Bauer, 3465 K\u00f6nigsbrunn am Wagram \u00a0 \u00a0 \u00a0 \u00a0 <\/strong><span style=\"text-decoration: underline; color: #800080;\"><a href=\"https:\/\/www.dropbox.com\/sh\/znokrjc6d1jf5fx\/AAAG7Ed88cGgjegK_eLIchoOa\" target=\"_blank\" rel=\"noopener\"><span style=\"color: #800080; text-decoration: underline;\">HR 8 aktuell<\/span><\/a><\/span>\u00a0<\/strong><\/span><\/p>\n<div style=\"padding-left: 30px;\"><a href=\"mailto:f.bauer@staetische.co.at\">\u00a0f.bauer@staetische.co.at<\/a><\/div>\n<p style=\"padding-left: 30px;\"><span style=\"color: #000000;\">HRL-Stv. Stephan Solich<br \/>\n<\/span><\/p>\n<p style=\"padding-left: 30px;\"><span style=\"text-decoration: underline;\"><span style=\"color: #808000; text-decoration: underline;\">Reviere:<\/span><\/span><br \/>\n<span style=\"color: #808000;\">GJ Frauendorf \u2013500 ha; GJ Bierbaum\/Kb. \u2013396 ha; GJ Utzenlaa \u2013302 ha; GJ Absdorf \u20131.359 ha; GJ Koenigsbrunn \u2013507 ha; GJ Hippersdorf \u2013366 ha; GJ Zaussenberg \u2013192 ha; GJ Mollersdorf \u2013180 ha; GJ Neuaigen \u2013619 ha; GJ Neustift \u2013773 ha; GJ Winkl \u2013459 ha<\/span><\/p>\n<h4><span style=\"color: #ff6600;\"><span style=\"text-decoration: underline;\">Hegering 9 \u2013 Klosterneuburg-Kierling (7.409 ha):<\/span> <\/span><\/h4>\n<p style=\"padding-left: 30px;\"><span style=\"color: #000000; font-size: 12pt;\"><strong><strong>HRL Hans Matzinger, 3430 Klosterneuburg\u00a0 \u00a0 \u00a0 \u00a0 \u00a0 <\/strong><span style=\"text-decoration: underline; color: #800080;\"><a style=\"color: #800080; text-decoration: underline;\" href=\"https:\/\/www.dropbox.com\/sh\/md94w8orkmlf1gl\/AACqRSdrOoASE0JoEEDj0OZpa?dl=0\" target=\"_blank\" rel=\"noopener\">HR 09-1 aktuell<\/a><\/span><\/strong><\/span><\/p>\n<p style=\"padding-left: 30px;\"><a href=\"mailto:office@matzinger.net\">office@matzinger.net<\/a><\/p>\n<p style=\"padding-left: 30px;\"><span style=\"color: #000000;\">HRL-Stv. Bruno Tomancok<\/span><\/p>\n<p style=\"padding-left: 30px;\"><span style=\"color: #808000;\"><span style=\"text-decoration: underline;\">Reviere:<br \/>\n<\/span>GJ H\u00f6flein &#8211; 185 ha; GJ Kritzendorf &#8211; 537 ha; GJ Klosterneuburg &#8211; 1032 ha; EJ Weisser Hof AUVA &#8211; 122 ha; EJ Stift Klosterneuburg H\u00f6flein &#8211; 209 ha; EJ Stift Klosterneuburg Au &#8211; 753 ha<\/span><br \/>\n<span style=\"color: #808000;\">GJ Gugging &#8211; 356 ha; GJ Kierling &#8211; 546 ha; GJ Weidling-Weidlingbach &#8211; 537 ha; EJ Stift Klosterneuburg Weidling &#8211; 1.330 ha; EJ \u00d6BF Haselbach &#8211; 590 ha; EJ \u00d6BF Rotgraben &#8211; 158 ha; EJ \u00d6BF Weidlingbach &#8211; 273 ha; EJ \u00d6BF Scheiblingstein &#8211; 161 ha; EJ \u00d6BF Kellergraben &#8211; 298 ha; EJ \u00d6BF Exelberg &#8211; 215 ha; EJ \u00d6BF Rieglerh\u00fctte &#8211; 108 ha (Teilfl\u00e4che);<\/span><\/p>\n<h4><\/h4>\n<h4><span style=\"color: #ff6600;\"><span style=\"text-decoration: underline;\">Hegering 10 &#8211; Hohenberg (5.964 ha):<\/span>\u00a0<\/span><\/h4>\n<p style=\"padding-left: 30px;\"><span style=\"color: #000000;\"><strong><span style=\"font-size: 12pt;\">HRL Michael Kerndler, 3701 Ruppersthal<strong>\u00a0\u00a0 \u00a0 \u00a0 \u00a0 \u00a0 <\/strong><\/span><span style=\"text-decoration: underline;\"><span style=\"font-size: 1.17em;\"><span style=\"color: #800080; text-decoration: underline; font-size: 12pt;\"><a href=\"https:\/\/www.dropbox.com\/sh\/wx1ha50qxiaeqj7\/AAC8TXyDeAoVEbxWe4g9XzXIa\/HR10-HP\" target=\"_blank\" rel=\"noopener\"><span style=\"color: #800080; text-decoration: underline;\">HR 10 aktuell<\/span><\/a><\/span><br \/>\n<\/span><\/span><\/strong><\/span><\/p>\n<p style=\"padding-left: 30px;\"><a href=\"mailto:michael.kerndler@gmail.com\">michael.kerndler@gmail.com<\/a><\/p>\n<p style=\"padding-left: 30px;\"><span style=\"color: #000000;\">HRL-Stv. Harald Ernst<\/span><\/p>\n<p style=\"padding-left: 30px;\"><span style=\"text-decoration: underline;\"><span style=\"color: #808000; text-decoration: underline;\">Reviere:<\/span><\/span><br \/>\n<span style=\"color: #808000;\">GJ Baumgarten\/Wgr. \u2013350 ha; GJ Grossweikersdorf \u20131312 ha; GJ Ameisthal \u2013351\u00a0ha; GJ Ruppersthal \u20131017 ha; GJ Grosswiesendorf \u2013504 ha; GJ Kleinwiesendorf\u00a0\u2013381 ha; GJ Tiefenthal \u2013418 ha; GJ Oberstockstall \u2013541 ha; GJ Mitterstockstall\u00a0\u2013544 ha; GJ Unterstockstall \u2013547 ha<\/span><\/p>\n<p style=\"padding-left: 60px;\"><span style=\"color: #000000;\"> \u00a0 \u00a0 \u00a0\u00a0<\/span><\/p>\n<h4><span style=\"color: #ff6600;\"><span style=\"text-decoration: underline;\">Hegering 11 &#8211; Wagram (6.866ha):<\/span>\u00a0<\/span><\/h4>\n<p style=\"padding-left: 30px;\"><span style=\"color: #000000;\"><strong><span style=\"font-size: 12pt;\">HRL Gerhard Jam\u00f6ck, 3482 G\u00f6sing<strong>\u00a0 \u00a0 \u00a0 \u00a0 \u00a0<\/strong><\/span><span style=\"text-decoration: underline;\"><span style=\"font-size: 1.17em;\"><span style=\"color: #800080; text-decoration: underline; font-size: 12pt;\"><a href=\"https:\/\/www.dropbox.com\/sh\/91goxxa3lqt3xw9\/AAABE90UQKHBtLgz91_UqmiCa\" target=\"_blank\" rel=\"noopener\"><span style=\"color: #800080; text-decoration: underline;\">HR 11 aktuell<\/span><\/a><\/span><br \/>\n<\/span><\/span><\/strong><\/span><\/p>\n<div style=\"padding-left: 30px;\"><a href=\"mailto:gerhard.jamoeck@gmail.com\">gerhard.jamoeck@gmail.com<\/a><\/div>\n<p style=\"padding-left: 30px;\"><span style=\"color: #000000;\">HRL-Stv. Heribert Bauer<\/span><\/p>\n<p style=\"padding-left: 30px;\"><span style=\"text-decoration: underline; color: #808000;\">Reviere:<\/span><br \/>\n<span style=\"color: #808000;\">GJ Goesing a. Wagram \u20131.270 ha; GJ Fels\/Wgr. \u20131.691 ha; GJ Feuersbrunn-923 ha; GJ Wagram\/Wgr. \u2013308 ha; GJ Gr. Riedenthal \u2013858 ha; GJ Neudegg \u2013338 ha; GJ Ottenthal \u2013688 ha; GJ Engelmannsbrunn \u2013791 ha<\/span><\/p>\n<p style=\"padding-left: 60px;\"><span style=\"color: #000000;\"> \u00a0 \u00a0 \u00a0<\/span><\/p>\n<h4><span style=\"color: #ff6600;\"><span style=\"text-decoration: underline;\">Hegering 12 &#8211; Waasen (4.192 ha):<\/span>\u00a0<\/span><\/h4>\n<p style=\"padding-left: 30px;\"><span style=\"font-size: 12pt;\"><strong><span style=\"color: #000000;\">HRL Daniel Wessely, 3484 Seebarn am Wagram<\/span>\u00a0 \u00a0 \u00a0 \u00a0 \u00a0 \u00a0 \u00a0\u00a0 <span style=\"color: #800080;\"><a style=\"color: #800080; text-decoration: underline;\" href=\"https:\/\/www.dropbox.com\/sh\/covkos3y9p4uj5y\/UvuoYv3AJU\">HR 12 aktuell<\/a><\/span><\/strong><\/span><\/p>\n<p style=\"padding-left: 30px;\"><a href=\"mailto:wessely.daniel1@gmail.com\">wessely.daniel1@gmail.com<\/a><\/p>\n<p style=\"padding-left: 30px;\"><span style=\"color: #000000;\">HRL-Stv. G\u00fcnter Pfennigbauer<\/span><\/p>\n<p style=\"padding-left: 30px;\"><span style=\"text-decoration: underline;\"><span style=\"color: #808000; text-decoration: underline;\">Reviere:<\/span><\/span><br \/>\n<span style=\"color: #808000;\">GJ Jettsdorf \u2013446 ha; GJ Grafenwoerth \u2013920 ha; GJ Seebarn \u2013993 ha; GJ Kollersdorf \u2013852 ha; GJ Altenwoerth \u2013519 ha; EJ Grafenwoerth \u2013149 ha; GJ Mallon \u2013163 ha; GJ D\u00f6rfl \u2013150 ha<\/span><\/p>\n","protected":false},"excerpt":{"rendered":"<p>mit aktuellen\u00a0Informationen der jeweiligen Hegeringleiter Hegering 1 &#8211; Tullner Feld (5.816ha):\u00a0 HRL Josef Leckel, 3430 Tulln \u00a0 \u00a0 \u00a0 \u00a0 \u00a0 \u00a0 HR 1 aktuell \u00a0\u00a0\u00a0\u00a0\u00a0\u00a0\u00a0 josef.leckel@gmx.at HRL-Stv. Martin Starkl Reviere:\u00a0 GJ Asparn \u2013485 ha; GJ Langenrohr \u2013706 ha; GJ Judenau \u2013482 ha; GJ Baumgarten \u2013424 ha; GJ Freundorf \u2013404 ha; GJ Staasdorf \u2013573 ha; [&hellip;]<\/p>\n","protected":false},"author":3,"featured_media":0,"parent":0,"menu_order":0,"comment_status":"closed","ping_status":"closed","template":"","meta":{"footnotes":""},"class_list":["post-70","page","type-page","status-publish","hentry"],"_links":{"self":[{"href":"http:\/\/bjm.schwanzer.info\/index.php?rest_route=\/wp\/v2\/pages\/70","targetHints":{"allow":["GET"]}}],"collection":[{"href":"http:\/\/bjm.schwanzer.info\/index.php?rest_route=\/wp\/v2\/pages"}],"about":[{"href":"http:\/\/bjm.schwanzer.info\/index.php?rest_route=\/wp\/v2\/types\/page"}],"author":[{"embeddable":true,"href":"http:\/\/bjm.schwanzer.info\/index.php?rest_route=\/wp\/v2\/users\/3"}],"replies":[{"embeddable":true,"href":"http:\/\/bjm.schwanzer.info\/index.php?rest_route=%2Fwp%2Fv2%2Fcomments&post=70"}],"version-history":[{"count":6,"href":"http:\/\/bjm.schwanzer.info\/index.php?rest_route=\/wp\/v2\/pages\/70\/revisions"}],"predecessor-version":[{"id":2206,"href":"http:\/\/bjm.schwanzer.info\/index.php?rest_route=\/wp\/v2\/pages\/70\/revisions\/2206"}],"wp:attachment":[{"href":"http:\/\/bjm.schwanzer.info\/index.php?rest_route=%2Fwp%2Fv2%2Fmedia&parent=70"}],"curies":[{"name":"wp","href":"https:\/\/api.w.org\/{rel}","templated":true}]}}