{"id":941,"date":"2017-10-07T08:11:34","date_gmt":"2017-10-07T17:11:34","guid":{"rendered":"http:\/\/bjm.schwanzer.info\/?page_id=941"},"modified":"2025-07-18T09:21:30","modified_gmt":"2025-07-18T09:21:30","slug":"archiv-ergebnisse-der-schiessbewerbe","status":"publish","type":"page","link":"http:\/\/bjm.schwanzer.info\/?page_id=941","title":{"rendered":"Archiv Schie\u00dfbewerbe"},"content":{"rendered":"<h3 style=\"padding-left: 60px;\"><span style=\"color: #008000;\">Bezirksmeister 1985 &#8211; 2025<\/span><\/h3>\n<p style=\"padding-left: 90px;\"><span style=\"color: #99cc00;\"><strong><a style=\"color: #99cc00;\" href=\"http:\/\/bjm.schwanzer.info\/wp-content\/uploads\/2025\/07\/Bez-Meister-seit-85.pdf\"><span style=\"text-decoration: underline;\">\u00dcbersicht<\/span><\/a><\/strong><\/span><\/p>\n<h4><span style=\"text-decoration: underline; color: #339966;\">2023<\/span><\/h4>\n<h5><strong>Bezirksmeisterschaft Jagdliches Schie\u00dfen (GK+Jagdparcours)<br \/>\n<\/strong><span style=\"color: #99cc00;\"><strong><a style=\"color: #99cc00;\" href=\"http:\/\/bjm.schwanzer.info\/wp-content\/uploads\/2023\/06\/BM-2023_Erg.pdf\">Ergebnisliste<\/a><\/strong><\/span><\/h5>\n<h4><span style=\"text-decoration: underline;\"><span style=\"color: #339966; text-decoration: underline;\">2022<\/span><\/span><\/h4>\n<h5><strong>Bezirksschie\u00dftag und Hegeringmeisterschaft<br \/>\n<span style=\"color: #99cc00;\"><a style=\"color: #99cc00;\" href=\"http:\/\/bjm.schwanzer.info\/wp-content\/uploads\/2022\/09\/2022-08-27_HRM.pdf\" target=\"_blank\" rel=\"noopener\">Ergebnisliste<\/a><\/span><\/strong><\/h5>\n<h4><span style=\"text-decoration: underline;\"><span style=\"color: #339966; text-decoration: underline;\">2021<\/span><\/span><\/h4>\n<h5><strong>Bezirksschie\u00dftag und Hegeringmeisterschaft<br \/>\n<\/strong><span style=\"color: #99cc00;\"><strong><a style=\"color: #99cc00;\" href=\"http:\/\/bjm.schwanzer.info\/wp-content\/uploads\/2021\/09\/HRM_Tulln_2021-08-28_Erg.pdf\">Ergebnisliste<\/a><\/strong><\/span><\/h5>\n<h4><span style=\"text-decoration: underline; color: #339966;\">2020<\/span><\/h4>\n<h5><strong>Bezirksschie\u00dftag und Hegeringmeisterschaft<br \/>\n<\/strong><span style=\"color: #99cc00;\"><strong><a style=\"color: #99cc00;\" href=\"http:\/\/bjm.schwanzer.info\/wp-content\/uploads\/2020\/09\/2020_bezirksschiesstag.pdf\">Ergebnisliste<\/a><\/strong><\/span><\/h5>\n<h4><span style=\"text-decoration: underline; color: #339966;\">2019<\/span><\/h4>\n<h5><strong>Bezirksschie\u00dftag und Hegeringmeisterschaft<br \/>\n<\/strong><span style=\"color: #99cc00;\"><a style=\"color: #99cc00;\" href=\"http:\/\/bjm.schwanzer.info\/wp-content\/uploads\/2019\/09\/2019_HRM.pdf\"><strong>Ergebnisliste<\/strong><\/a><\/span><\/h5>\n<h5><strong>Bezirksmeisterschaft im jagdlichen Schie\u00dfen<br \/>\n<\/strong><span style=\"color: #99cc00;\"><strong><a style=\"color: #99cc00;\" href=\"http:\/\/bjm.schwanzer.info\/wp-content\/uploads\/2019\/05\/BM-2019.pdf\">Ergebnisliste<\/a><\/strong><\/span><\/h5>\n<h4><span style=\"text-decoration: underline; color: #339966;\">2018<\/span><\/h4>\n<h5><strong>Bezirksschie\u00dftag &#8211; mit Hegeringwertung<br \/>\n<\/strong><span style=\"color: #99cc00;\"><strong><a style=\"color: #99cc00;\" href=\"http:\/\/bjm.schwanzer.info\/wp-content\/uploads\/2018\/08\/2018_HRSchiessen.pdf\">Ergebnisliste<\/a><\/strong><\/span><\/h5>\n<h5><strong>Bezirksmeisterschaft im jagdlichen Schie\u00dfen<br \/>\n<\/strong><span style=\"color: #99cc00;\"><strong><a style=\"color: #99cc00;\" href=\"http:\/\/bjm.schwanzer.info\/wp-content\/uploads\/2018\/05\/2018_BM.pdf\">Ergebnisliste<\/a><\/strong><\/span><\/h5>\n<h4><span style=\"text-decoration: underline; color: #339966;\">2017<\/span><\/h4>\n<h5><strong>Bezirksschie\u00dftag &#8211; mit Hegeringwertung<br \/>\n<\/strong><span style=\"color: #99cc00;\"><strong><a style=\"color: #99cc00;\" href=\"http:\/\/bjm.schwanzer.info\/wp-content\/uploads\/2017\/08\/SKMBT_C22017083013480.pdf\">Ergebnisliste<\/a><\/strong><\/span><\/h5>\n<h5><strong>Bezirksmeisterschaft im jagdlichen Schie\u00dfen<br \/>\n<\/strong><span style=\"color: #99cc00;\"><strong><a style=\"color: #99cc00;\" href=\"http:\/\/bjm.schwanzer.info\/wp-content\/uploads\/2017\/10\/2017_BezMeistersch_Tulln.pdf\">Ergebnisliste<\/a><\/strong><\/span><\/h5>\n","protected":false},"excerpt":{"rendered":"<p>Bezirksmeister 1985 &#8211; 2025 \u00dcbersicht 2023 Bezirksmeisterschaft Jagdliches Schie\u00dfen (GK+Jagdparcours) Ergebnisliste 2022 Bezirksschie\u00dftag und Hegeringmeisterschaft Ergebnisliste 2021 Bezirksschie\u00dftag und Hegeringmeisterschaft Ergebnisliste 2020 Bezirksschie\u00dftag und Hegeringmeisterschaft Ergebnisliste 2019 Bezirksschie\u00dftag und Hegeringmeisterschaft Ergebnisliste Bezirksmeisterschaft im jagdlichen Schie\u00dfen Ergebnisliste 2018 Bezirksschie\u00dftag &#8211; mit Hegeringwertung Ergebnisliste Bezirksmeisterschaft im jagdlichen Schie\u00dfen Ergebnisliste 2017 Bezirksschie\u00dftag &#8211; mit Hegeringwertung Ergebnisliste Bezirksmeisterschaft im [&hellip;]<\/p>\n","protected":false},"author":2,"featured_media":0,"parent":182,"menu_order":3,"comment_status":"closed","ping_status":"closed","template":"","meta":{"footnotes":""},"class_list":["post-941","page","type-page","status-publish","hentry"],"_links":{"self":[{"href":"http:\/\/bjm.schwanzer.info\/index.php?rest_route=\/wp\/v2\/pages\/941","targetHints":{"allow":["GET"]}}],"collection":[{"href":"http:\/\/bjm.schwanzer.info\/index.php?rest_route=\/wp\/v2\/pages"}],"about":[{"href":"http:\/\/bjm.schwanzer.info\/index.php?rest_route=\/wp\/v2\/types\/page"}],"author":[{"embeddable":true,"href":"http:\/\/bjm.schwanzer.info\/index.php?rest_route=\/wp\/v2\/users\/2"}],"replies":[{"embeddable":true,"href":"http:\/\/bjm.schwanzer.info\/index.php?rest_route=%2Fwp%2Fv2%2Fcomments&post=941"}],"version-history":[{"count":8,"href":"http:\/\/bjm.schwanzer.info\/index.php?rest_route=\/wp\/v2\/pages\/941\/revisions"}],"predecessor-version":[{"id":2187,"href":"http:\/\/bjm.schwanzer.info\/index.php?rest_route=\/wp\/v2\/pages\/941\/revisions\/2187"}],"up":[{"embeddable":true,"href":"http:\/\/bjm.schwanzer.info\/index.php?rest_route=\/wp\/v2\/pages\/182"}],"wp:attachment":[{"href":"http:\/\/bjm.schwanzer.info\/index.php?rest_route=%2Fwp%2Fv2%2Fmedia&parent=941"}],"curies":[{"name":"wp","href":"https:\/\/api.w.org\/{rel}","templated":true}]}}