{"id":958,"date":"2017-10-07T10:22:44","date_gmt":"2017-10-07T19:22:44","guid":{"rendered":"http:\/\/bjm.schwanzer.info\/?page_id=958"},"modified":"2017-10-07T10:22:44","modified_gmt":"2017-10-07T19:22:44","slug":"allgemeines","status":"publish","type":"page","link":"http:\/\/bjm.schwanzer.info\/?page_id=958","title":{"rendered":"Allgemeines"},"content":{"rendered":"<h5><span style=\"text-decoration: underline; color: #ff6600;\">Zum Thema &#8222;Waffenkontrolle&#8220; &#8211; Schreiben der IW\u00d6<\/span><\/h5>\n<p style=\"padding-left: 30px;\"><span style=\"color: #993366;\"><strong><span style=\"text-decoration: underline;\"><a style=\"color: #993366; text-decoration: underline;\" href=\"http:\/\/bjm.schwanzer.info\/wp-content\/uploads\/2011\/08\/Waffenkontrolle.pdf\">Info zur Waffenkontrolle<\/a><\/span><\/strong><\/span><\/p>\n<p style=\"padding-left: 30px;\"><strong><span style=\"color: #000000;\">Die IW\u00d6 &#8211; Interessengemeinschaft Liberales Waffenrecht in \u00d6sterreich gibt n\u00fctzliche Tipps zur Waffenkontrolle nach \u00a78 Abs. 6 WaffG. N\u00e4here Ausk\u00fcnfte und kompetente Rechtsberatung bez\u00fcglich Waffenrecht findet man \u00a0auch unter<\/span> <a title=\"IW\u00d6\" href=\"http:\/\/iwoe.at\" target=\"_blank\" rel=\"noopener noreferrer\"><span style=\"text-decoration: underline; color: #800080;\">iwoe.at<\/span><\/a>. \u00a0<\/strong><\/p>\n<h5><span style=\"text-decoration: underline; color: #ff6600;\">Zentrales Waffenregister<\/span><span style=\"color: #003300;\"><span style=\"color: #000000;\"><span style=\"text-decoration: underline; color: #ff6600;\">\u00a0&#8211; wie geht es weiter?<\/span>\u00a0<\/span><span style=\"color: #ff0000; text-decoration: underline;\"><br \/>\n<\/span><\/span><\/h5>\n<p style=\"padding-left: 30px;\"><span style=\"color: #000000;\"><strong>Die Meldepflicht aller C-Waffen und die freiwillige Meldung aller D-Waffen (Altbestand!!) ist mit 30.6.2014 abgelaufen. Es besteht auch keine M\u00f6glichkeit mehr, die Waffen mittels B\u00fcrgercard bzw. Handysignatur online zu melden. Jede zuk\u00fcnftige Meldung (Neuerwerb, privater Verkauf, etc.) ist \u00fcber den Waffenfachhandel durchzuf\u00fchren.\u00a0<\/strong><\/span><\/p>\n<p style=\"padding-left: 30px;\"><span style=\"color: #000000;\"><strong>F\u00fcr den Europ\u00e4ischen Feuerwaffenpass gilt: D-Waffen m\u00fcssen f\u00fcr eine Eintragung im Europ. Feuerwaffenpass nicht im Zentralen Waffenregister erfasst sein, sofern diese nicht nach dem 1.10.2012 erworben wurden (Altbestand).\u00a0<\/strong><\/span><\/p>\n<h5 style=\"padding-left: 60px;\"><\/h5>\n<h3><span style=\"text-decoration: underline; color: #ff6600;\">Richtlinien und Reglements<\/span><\/h3>\n<h5 style=\"padding-left: 30px;\"><span style=\"color: #993366;\"><a style=\"color: #993366;\" href=\"http:\/\/bjm.schwanzer.info\/wp-content\/uploads\/2017\/10\/Reglement-Jagdschuetzenabzeichn-2014-1.pdf\"><span style=\"text-decoration: underline;\">NEU 2014 &#8211; Reglement Jagdsch\u00fctzenabzeichen<\/span><\/a><\/span><\/h5>\n<h5 style=\"padding-left: 30px;\"><span style=\"text-decoration: underline; color: #993366;\"><a style=\"color: #993366; text-decoration: underline;\" title=\"Regelment LA\" href=\"http:\/\/bjm.schwanzer.info\/wp-content\/uploads\/2017\/10\/Reglement-LA-laufender-Keiler-2014-1.pdf\">NEU 2014 &#8211; Reglement LA &#8211; Laufender Keiler<\/a><\/span><\/h5>\n<h5 style=\"padding-left: 30px;\"><span style=\"color: #993366;\"><span style=\"text-decoration: underline;\"><a style=\"color: #993366; text-decoration: underline;\" title=\"Schie\u00dfordnung \" href=\"http:\/\/www.noeljv.at\/?=&amp;dlfile=sso.pdf\">Schie\u00dfst\u00e4tten- und Schie\u00dfordnung &#8211; Stand: Februar-2013<\/a><\/span><\/span><\/h5>\n<h5 style=\"padding-left: 30px;\"><span style=\"color: #993366;\"><a style=\"color: #993366;\" title=\"Schiessst\u00e4tten\" href=\"http:\/\/www.noeljv.at\/?=&amp;dlfile=schiessstaetten.pdf\"><span style=\"text-decoration: underline;\">Schie\u00dfst\u00e4tten in N\u00d6<\/span><\/a><\/span><\/h5>\n<h5 style=\"padding-left: 30px;\"><span style=\"text-decoration: underline; color: #993366;\"><a style=\"color: #993366; text-decoration: underline;\" href=\"http:\/\/bjm.schwanzer.info\/wp-content\/uploads\/2011\/08\/Merkblatt-Stahlschrotmunition.pdf\">Stahlschrote Merkblatt &#8211; Stand: J\u00e4nner-2012<\/a><\/span><\/h5>\n","protected":false},"excerpt":{"rendered":"<p>Zum Thema &#8222;Waffenkontrolle&#8220; &#8211; Schreiben der IW\u00d6 Info zur Waffenkontrolle Die IW\u00d6 &#8211; Interessengemeinschaft Liberales Waffenrecht in \u00d6sterreich gibt n\u00fctzliche Tipps zur Waffenkontrolle nach \u00a78 Abs. 6 WaffG. N\u00e4here Ausk\u00fcnfte und kompetente Rechtsberatung bez\u00fcglich Waffenrecht findet man \u00a0auch unter iwoe.at. \u00a0 Zentrales Waffenregister\u00a0&#8211; wie geht es weiter?\u00a0 Die Meldepflicht aller C-Waffen und die freiwillige Meldung [&hellip;]<\/p>\n","protected":false},"author":2,"featured_media":0,"parent":182,"menu_order":1,"comment_status":"closed","ping_status":"closed","template":"","meta":{"footnotes":""},"class_list":["post-958","page","type-page","status-publish","hentry"],"_links":{"self":[{"href":"http:\/\/bjm.schwanzer.info\/index.php?rest_route=\/wp\/v2\/pages\/958","targetHints":{"allow":["GET"]}}],"collection":[{"href":"http:\/\/bjm.schwanzer.info\/index.php?rest_route=\/wp\/v2\/pages"}],"about":[{"href":"http:\/\/bjm.schwanzer.info\/index.php?rest_route=\/wp\/v2\/types\/page"}],"author":[{"embeddable":true,"href":"http:\/\/bjm.schwanzer.info\/index.php?rest_route=\/wp\/v2\/users\/2"}],"replies":[{"embeddable":true,"href":"http:\/\/bjm.schwanzer.info\/index.php?rest_route=%2Fwp%2Fv2%2Fcomments&post=958"}],"version-history":[{"count":0,"href":"http:\/\/bjm.schwanzer.info\/index.php?rest_route=\/wp\/v2\/pages\/958\/revisions"}],"up":[{"embeddable":true,"href":"http:\/\/bjm.schwanzer.info\/index.php?rest_route=\/wp\/v2\/pages\/182"}],"wp:attachment":[{"href":"http:\/\/bjm.schwanzer.info\/index.php?rest_route=%2Fwp%2Fv2%2Fmedia&parent=958"}],"curies":[{"name":"wp","href":"https:\/\/api.w.org\/{rel}","templated":true}]}}